{"id":630,"date":"2017-04-04T10:09:46","date_gmt":"2017-04-04T10:09:46","guid":{"rendered":"http:\/\/www.rehnmans.se\/?page_id=630"},"modified":"2021-11-12T14:43:24","modified_gmt":"2021-11-12T14:43:24","slug":"uthyrning","status":"publish","type":"page","link":"https:\/\/rehnmans.se\/en\/uthyrning\/","title":{"rendered":"Tools for rental"},"content":{"rendered":"<div id=\"pl-630\"  class=\"panel-layout\" ><div id=\"pg-630-0\"  class=\"panel-grid panel-no-style\" ><div id=\"pgc-630-0-0\"  class=\"panel-grid-cell\" ><div id=\"panel-630-0-0-0\" class=\"so-panel widget widget_dc_recent_posts devclick-recent-posts panel-first-child panel-last-child\" data-index=\"0\" ><div class=\"panel-widget-style panel-widget-style-for-630-0-0-0\" >\n\t\t\t<div class=\"row\">\n\n\t\t\t\t<div class=\"col-md-12\">\n\t\t\t\t\t\n\t\t\t\t\t<div class=\"section-title\">\n\n\t\t\t\t\t\t<div class=\"section-title-content\">\n\n\t\t\t\t\t\t\t\n\t\t\t\t\t\t\t\n\t\t\t\t\t\t<\/div><!-- .section-title-content -->\n\n\t\t\t\t\t\t\n\t\t\t\t\t<\/div><!-- .section-title -->\n\n\t\t\t\t<\/div><!-- .col -->\n\n\t\t\t<\/div><!-- .row -->\n\n\t\t\t<div class=\"row\">\n\n\t\t\t\t\n\t\t\t\t<div class=\"recent-post-wrapper col-sm-12 col-md-4 text-left recent-post-style-two\">\n\n\t\t\t\t\t<article class=\"recent-post\">\n\n\t\t\t\t\t\t\t\t\t\t\t\t\t<a href=\"https:\/\/rehnmans.se\/en\/lyftsax-gpl240\/\" class=\"recent-post-image\">\n\t\t\t\t\t\t\t\t<img src=\"https:\/\/rehnmans.se\/wp-content\/uploads\/2017\/03\/lyftsax-GPL240-2-585x350.png\" alt=\"Lyftsax f\u00f6r lyft av GPlink, skyddsbarri\u00e4r, gunnarprefab\">\n\n\t\t\t\t\t\t\t\t<div class=\"post-meta\">\n\t\t\t\t\t\t\t\t\t<span>Lifting tool for road barrier<\/span>\n\t\t\t\t\t\t\t\t<\/div><!-- .post-meta -->\n\t\t\t\t\t\t\t<\/a>\n\t\t\t\t\t\t\n\t\t\t\t\t\t<!-- removed\n\t\t\t\t\t\t<div class=\"recent-post-inner\">\n\n\t\t\t\t\t\t\t<h3>\n\t\t\t\t\t\t\t\t<a href=\"https:\/\/rehnmans.se\/en\/lyftsax-gpl240\/\">Lifting tool for road barrier<\/a>\n\t\t\t\t\t\t\t<\/h3>\n\n\t\t\t\t\t\t\t<p>\n\t\t                        Rehnman &amp; Co AB has developed a lifting tool GPL240 for lifting the GPLINK and Safepass Protective Barrier The lifting...\t\t                    <\/p>\n\n\t\t\t\t\t\t\t<a href=\"https:\/\/rehnmans.se\/en\/lyftsax-gpl240\/\">Read More<\/a>\n\n\t\t\t\t\t\t<\/div><!-- .recent-post-inner \/\/ removed -->\n\n\t\t\t\t\t<\/article><!-- .recent-post -->\n\n\t\t\t\t<\/div><!-- .col -->\n\n\t\t\t\t\n\t\t\t\t<div class=\"recent-post-wrapper col-sm-12 col-md-4 text-left recent-post-style-two\">\n\n\t\t\t\t\t<article class=\"recent-post\">\n\n\t\t\t\t\t\t\t\t\t\t\t\t\t<a href=\"https:\/\/rehnmans.se\/en\/rorverktyg\/\" class=\"recent-post-image\">\n\t\t\t\t\t\t\t\t<img src=\"https:\/\/rehnmans.se\/wp-content\/uploads\/2017\/04\/Hopdragare-Sj\u00f6ledning-1-585x350.jpg\" alt=\"Hopdragare f\u00f6r segj\u00e4rnsr\u00f6r ZM tubman Gustavsberg\">\n\n\t\t\t\t\t\t\t\t<div class=\"post-meta\">\n\t\t\t\t\t\t\t\t\t<span>Pipe jointing tool for ductile pipe<\/span>\n\t\t\t\t\t\t\t\t<\/div><!-- .post-meta -->\n\t\t\t\t\t\t\t<\/a>\n\t\t\t\t\t\t\n\t\t\t\t\t\t<!-- removed\n\t\t\t\t\t\t<div class=\"recent-post-inner\">\n\n\t\t\t\t\t\t\t<h3>\n\t\t\t\t\t\t\t\t<a href=\"https:\/\/rehnmans.se\/en\/rorverktyg\/\">Pipe jointing tool for ductile pipe<\/a>\n\t\t\t\t\t\t\t<\/h3>\n\n\t\t\t\t\t\t\t<p>\n\t\t                        We manufacture and sell Pipe jointing tool for ductile pipe. Suitable for handling of joining cast iron pipe. \u2022 Working...\t\t                    <\/p>\n\n\t\t\t\t\t\t\t<a href=\"https:\/\/rehnmans.se\/en\/rorverktyg\/\">Read More<\/a>\n\n\t\t\t\t\t\t<\/div><!-- .recent-post-inner \/\/ removed -->\n\n\t\t\t\t\t<\/article><!-- .recent-post -->\n\n\t\t\t\t<\/div><!-- .col -->\n\n\t\t\t\t\n\t\t\t\t<div class=\"recent-post-wrapper col-sm-12 col-md-4 text-left recent-post-style-two\">\n\n\t\t\t\t\t<article class=\"recent-post\">\n\n\t\t\t\t\t\t\t\t\t\t\t\t\t<a href=\"https:\/\/rehnmans.se\/en\/ks350\/\" class=\"recent-post-image\">\n\t\t\t\t\t\t\t\t<img src=\"https:\/\/rehnmans.se\/wp-content\/uploads\/2017\/03\/ks3501-1-1-585x350.png\" alt=\"Lyftsax KS350 Stensax\">\n\n\t\t\t\t\t\t\t\t<div class=\"post-meta\">\n\t\t\t\t\t\t\t\t\t<span>Lifting tool KS350 for concrete block<\/span>\n\t\t\t\t\t\t\t\t<\/div><!-- .post-meta -->\n\t\t\t\t\t\t\t<\/a>\n\t\t\t\t\t\t\n\t\t\t\t\t\t<!-- removed\n\t\t\t\t\t\t<div class=\"recent-post-inner\">\n\n\t\t\t\t\t\t\t<h3>\n\t\t\t\t\t\t\t\t<a href=\"https:\/\/rehnmans.se\/en\/ks350\/\">Lifting tool KS350 for concrete block<\/a>\n\t\t\t\t\t\t\t<\/h3>\n\n\t\t\t\t\t\t\t<p>\n\t\t                        Rehnman &amp; Co AB has developed a lifting tool for lifting concrete blocks. Lifting tool\u00a0KS350 is designed to lift...\t\t                    <\/p>\n\n\t\t\t\t\t\t\t<a href=\"https:\/\/rehnmans.se\/en\/ks350\/\">Read More<\/a>\n\n\t\t\t\t\t\t<\/div><!-- .recent-post-inner \/\/ removed -->\n\n\t\t\t\t\t<\/article><!-- .recent-post -->\n\n\t\t\t\t<\/div><!-- .col -->\n\n\t\t\t\t\n\t\t\t\t<div class=\"recent-post-wrapper col-sm-12 col-md-4 text-left recent-post-style-two\">\n\n\t\t\t\t\t<article class=\"recent-post\">\n\n\t\t\t\t\t\t\t\t\t\t\t\t\t<a href=\"https:\/\/rehnmans.se\/en\/lyftsax-lsk-till-kabelkanaler\/\" class=\"recent-post-image\">\n\t\t\t\t\t\t\t\t<img src=\"https:\/\/rehnmans.se\/wp-content\/uploads\/2017\/05\/Lyftsax-LSK-Lyftsax-f\u00f6r-kabelkanaler-585x350.jpg\" alt=\"Lyftsax LSK f\u00f6r kabelkanaler\">\n\n\t\t\t\t\t\t\t\t<div class=\"post-meta\">\n\t\t\t\t\t\t\t\t\t<span>Lifting tool for cable ducts to the railway.<\/span>\n\t\t\t\t\t\t\t\t<\/div><!-- .post-meta -->\n\t\t\t\t\t\t\t<\/a>\n\t\t\t\t\t\t\n\t\t\t\t\t\t<!-- removed\n\t\t\t\t\t\t<div class=\"recent-post-inner\">\n\n\t\t\t\t\t\t\t<h3>\n\t\t\t\t\t\t\t\t<a href=\"https:\/\/rehnmans.se\/en\/lyftsax-lsk-till-kabelkanaler\/\">Lifting tool for cable ducts to the railway.<\/a>\n\t\t\t\t\t\t\t<\/h3>\n\n\t\t\t\t\t\t\t<p>\n\t\t                        Renmans Lifting tool LSK for lifting cable ducts to the railway. Available in two different sizes for lifting inside...\t\t                    <\/p>\n\n\t\t\t\t\t\t\t<a href=\"https:\/\/rehnmans.se\/en\/lyftsax-lsk-till-kabelkanaler\/\">Read More<\/a>\n\n\t\t\t\t\t\t<\/div><!-- .recent-post-inner \/\/ removed -->\n\n\t\t\t\t\t<\/article><!-- .recent-post -->\n\n\t\t\t\t<\/div><!-- .col -->\n\n\t\t\t\t\n\t\t\t\t<div class=\"recent-post-wrapper col-sm-12 col-md-4 text-left recent-post-style-two\">\n\n\t\t\t\t\t<article class=\"recent-post\">\n\n\t\t\t\t\t\t\t\t\t\t\t\t\t<a href=\"https:\/\/rehnmans.se\/en\/rorsax\/\" class=\"recent-post-image\">\n\t\t\t\t\t\t\t\t<img src=\"https:\/\/rehnmans.se\/wp-content\/uploads\/2017\/03\/R\u00f6rsax-RB-585x350.jpg\" alt=\"R\u00f6rsax f\u00f6r lyft av r\u00f6r, \u00e4mnen etc.\">\n\n\t\t\t\t\t\t\t\t<div class=\"post-meta\">\n\t\t\t\t\t\t\t\t\t<span>Lifting tool RB for pipe<\/span>\n\t\t\t\t\t\t\t\t<\/div><!-- .post-meta -->\n\t\t\t\t\t\t\t<\/a>\n\t\t\t\t\t\t\n\t\t\t\t\t\t<!-- removed\n\t\t\t\t\t\t<div class=\"recent-post-inner\">\n\n\t\t\t\t\t\t\t<h3>\n\t\t\t\t\t\t\t\t<a href=\"https:\/\/rehnmans.se\/en\/rorsax\/\">Lifting tool RB for pipe<\/a>\n\t\t\t\t\t\t\t<\/h3>\n\n\t\t\t\t\t\t\t<p>\n\t\t                        Sorry, this entry is only available in Swedish.\t\t                    <\/p>\n\n\t\t\t\t\t\t\t<a href=\"https:\/\/rehnmans.se\/en\/rorsax\/\">Read More<\/a>\n\n\t\t\t\t\t\t<\/div><!-- .recent-post-inner \/\/ removed -->\n\n\t\t\t\t\t<\/article><!-- .recent-post -->\n\n\t\t\t\t<\/div><!-- .col -->\n\n\t\t\t\t\n\t\t\t\t<div class=\"recent-post-wrapper col-sm-12 col-md-4 text-left recent-post-style-two\">\n\n\t\t\t\t\t<article class=\"recent-post\">\n\n\t\t\t\t\t\t\t\t\t\t\t\t\t<a href=\"https:\/\/rehnmans.se\/en\/lyftsax-l-stod-wez\/\" class=\"recent-post-image\">\n\t\t\t\t\t\t\t\t<img src=\"https:\/\/rehnmans.se\/wp-content\/uploads\/2017\/03\/Lyftsax-L-st\u00f6d-WEZ-585x350.jpg\" alt=\"Lyftsax f\u00f6r lst\u00f6d, L-st\u00f6d\">\n\n\t\t\t\t\t\t\t\t<div class=\"post-meta\">\n\t\t\t\t\t\t\t\t\t<span>(Svenska) Lyftsax L-st\u00f6d WEZ<\/span>\n\t\t\t\t\t\t\t\t<\/div><!-- .post-meta -->\n\t\t\t\t\t\t\t<\/a>\n\t\t\t\t\t\t\n\t\t\t\t\t\t<!-- removed\n\t\t\t\t\t\t<div class=\"recent-post-inner\">\n\n\t\t\t\t\t\t\t<h3>\n\t\t\t\t\t\t\t\t<a href=\"https:\/\/rehnmans.se\/en\/lyftsax-l-stod-wez\/\">(Svenska) Lyftsax L-st\u00f6d WEZ<\/a>\n\t\t\t\t\t\t\t<\/h3>\n\n\t\t\t\t\t\t\t<p>\n\t\t                        Sorry, this entry is only available in Swedish.\t\t                    <\/p>\n\n\t\t\t\t\t\t\t<a href=\"https:\/\/rehnmans.se\/en\/lyftsax-l-stod-wez\/\">Read More<\/a>\n\n\t\t\t\t\t\t<\/div><!-- .recent-post-inner \/\/ removed -->\n\n\t\t\t\t\t<\/article><!-- .recent-post -->\n\n\t\t\t\t<\/div><!-- .col -->\n\n\t\t\t\t\n\t\t\t\t<div class=\"recent-post-wrapper col-sm-12 col-md-4 text-left recent-post-style-two\">\n\n\t\t\t\t\t<article class=\"recent-post\">\n\n\t\t\t\t\t\t\t\t\t\t\t\t\t<a href=\"https:\/\/rehnmans.se\/en\/lyftsax-ftz-multi\/\" class=\"recent-post-image\">\n\t\t\t\t\t\t\t\t<img src=\"https:\/\/rehnmans.se\/wp-content\/uploads\/2017\/03\/Lyftsax-FTZ-Multi-585x350.jpg\" alt=\"Lyftsax f\u00f6r st\u00f6rre betongelement\">\n\n\t\t\t\t\t\t\t\t<div class=\"post-meta\">\n\t\t\t\t\t\t\t\t\t<span>(Svenska) Lyftsax FTZ-Multi<\/span>\n\t\t\t\t\t\t\t\t<\/div><!-- .post-meta -->\n\t\t\t\t\t\t\t<\/a>\n\t\t\t\t\t\t\n\t\t\t\t\t\t<!-- removed\n\t\t\t\t\t\t<div class=\"recent-post-inner\">\n\n\t\t\t\t\t\t\t<h3>\n\t\t\t\t\t\t\t\t<a href=\"https:\/\/rehnmans.se\/en\/lyftsax-ftz-multi\/\">(Svenska) Lyftsax FTZ-Multi<\/a>\n\t\t\t\t\t\t\t<\/h3>\n\n\t\t\t\t\t\t\t<p>\n\t\t                        Sorry, this entry is only available in Swedish.\t\t                    <\/p>\n\n\t\t\t\t\t\t\t<a href=\"https:\/\/rehnmans.se\/en\/lyftsax-ftz-multi\/\">Read More<\/a>\n\n\t\t\t\t\t\t<\/div><!-- .recent-post-inner \/\/ removed -->\n\n\t\t\t\t\t<\/article><!-- .recent-post -->\n\n\t\t\t\t<\/div><!-- .col -->\n\n\t\t\t\t\n\t\t\t\t<div class=\"recent-post-wrapper col-sm-12 col-md-4 text-left recent-post-style-two\">\n\n\t\t\t\t\t<article class=\"recent-post\">\n\n\t\t\t\t\t\t\t\t\t\t\t\t\t<a href=\"https:\/\/rehnmans.se\/en\/ftz-uni-15\/\" class=\"recent-post-image\">\n\t\t\t\t\t\t\t\t<img src=\"https:\/\/rehnmans.se\/wp-content\/uploads\/2017\/03\/Lyftsax-FTZ-Uni-15-585x350.jpg\" alt=\"\">\n\n\t\t\t\t\t\t\t\t<div class=\"post-meta\">\n\t\t\t\t\t\t\t\t\t<span>(Svenska) Lyftsax FTZ Uni 15<\/span>\n\t\t\t\t\t\t\t\t<\/div><!-- .post-meta -->\n\t\t\t\t\t\t\t<\/a>\n\t\t\t\t\t\t\n\t\t\t\t\t\t<!-- removed\n\t\t\t\t\t\t<div class=\"recent-post-inner\">\n\n\t\t\t\t\t\t\t<h3>\n\t\t\t\t\t\t\t\t<a href=\"https:\/\/rehnmans.se\/en\/ftz-uni-15\/\">(Svenska) Lyftsax FTZ Uni 15<\/a>\n\t\t\t\t\t\t\t<\/h3>\n\n\t\t\t\t\t\t\t<p>\n\t\t                        Sorry, this entry is only available in Swedish.\t\t                    <\/p>\n\n\t\t\t\t\t\t\t<a href=\"https:\/\/rehnmans.se\/en\/ftz-uni-15\/\">Read More<\/a>\n\n\t\t\t\t\t\t<\/div><!-- .recent-post-inner \/\/ removed -->\n\n\t\t\t\t\t<\/article><!-- .recent-post -->\n\n\t\t\t\t<\/div><!-- .col -->\n\n\t\t\t\t\n\t\t\t\t<div class=\"recent-post-wrapper col-sm-12 col-md-4 text-left recent-post-style-two\">\n\n\t\t\t\t\t<article class=\"recent-post\">\n\n\t\t\t\t\t\t\t\t\t\t\t\t\t<a href=\"https:\/\/rehnmans.se\/en\/tsz-uni\/\" class=\"recent-post-image\">\n\t\t\t\t\t\t\t\t<img src=\"https:\/\/rehnmans.se\/wp-content\/uploads\/2017\/03\/Lyftsax-TSZ-Uni-585x350.jpg\" alt=\"Lyftsax f\u00f6r hantering av kansten etc\">\n\n\t\t\t\t\t\t\t\t<div class=\"post-meta\">\n\t\t\t\t\t\t\t\t\t<span>(Svenska) Lyftsax TSZ-Uni<\/span>\n\t\t\t\t\t\t\t\t<\/div><!-- .post-meta -->\n\t\t\t\t\t\t\t<\/a>\n\t\t\t\t\t\t\n\t\t\t\t\t\t<!-- removed\n\t\t\t\t\t\t<div class=\"recent-post-inner\">\n\n\t\t\t\t\t\t\t<h3>\n\t\t\t\t\t\t\t\t<a href=\"https:\/\/rehnmans.se\/en\/tsz-uni\/\">(Svenska) Lyftsax TSZ-Uni<\/a>\n\t\t\t\t\t\t\t<\/h3>\n\n\t\t\t\t\t\t\t<p>\n\t\t                        Sorry, this entry is only available in Swedish.\t\t                    <\/p>\n\n\t\t\t\t\t\t\t<a href=\"https:\/\/rehnmans.se\/en\/tsz-uni\/\">Read More<\/a>\n\n\t\t\t\t\t\t<\/div><!-- .recent-post-inner \/\/ removed -->\n\n\t\t\t\t\t<\/article><!-- .recent-post -->\n\n\t\t\t\t<\/div><!-- .col -->\n\n\t\t\t\t\n\t\t\t\t<div class=\"recent-post-wrapper col-sm-12 col-md-4 text-left recent-post-style-two\">\n\n\t\t\t\t\t<article class=\"recent-post\">\n\n\t\t\t\t\t\t\t\t\t\t\t\t\t<a href=\"https:\/\/rehnmans.se\/en\/lyftdon-for-brunnar\/\" class=\"recent-post-image\">\n\t\t\t\t\t\t\t\t<img src=\"https:\/\/rehnmans.se\/wp-content\/uploads\/2017\/05\/Brunnsringslyftare.jpg\" alt=\"\">\n\n\t\t\t\t\t\t\t\t<div class=\"post-meta\">\n\t\t\t\t\t\t\t\t\t<span>(Svenska) Lyftdon f\u00f6r brunnar<\/span>\n\t\t\t\t\t\t\t\t<\/div><!-- .post-meta -->\n\t\t\t\t\t\t\t<\/a>\n\t\t\t\t\t\t\n\t\t\t\t\t\t<!-- removed\n\t\t\t\t\t\t<div class=\"recent-post-inner\">\n\n\t\t\t\t\t\t\t<h3>\n\t\t\t\t\t\t\t\t<a href=\"https:\/\/rehnmans.se\/en\/lyftdon-for-brunnar\/\">(Svenska) Lyftdon f\u00f6r brunnar<\/a>\n\t\t\t\t\t\t\t<\/h3>\n\n\t\t\t\t\t\t\t<p>\n\t\t                        Sorry, this entry is only available in Swedish.\t\t                    <\/p>\n\n\t\t\t\t\t\t\t<a href=\"https:\/\/rehnmans.se\/en\/lyftdon-for-brunnar\/\">Read More<\/a>\n\n\t\t\t\t\t\t<\/div><!-- .recent-post-inner \/\/ removed -->\n\n\t\t\t\t\t<\/article><!-- .recent-post -->\n\n\t\t\t\t<\/div><!-- .col -->\n\n\t\t\t\t\n\t\t\t<\/div><!-- .row -->\n\n\t\t<\/div><\/div><\/div><\/div><\/div>","protected":false},"excerpt":{"rendered":"","protected":false},"author":2,"featured_media":0,"parent":0,"menu_order":0,"comment_status":"closed","ping_status":"closed","template":"template-full-width.php","meta":[],"_links":{"self":[{"href":"https:\/\/rehnmans.se\/en\/wp-json\/wp\/v2\/pages\/630"}],"collection":[{"href":"https:\/\/rehnmans.se\/en\/wp-json\/wp\/v2\/pages"}],"about":[{"href":"https:\/\/rehnmans.se\/en\/wp-json\/wp\/v2\/types\/page"}],"author":[{"embeddable":true,"href":"https:\/\/rehnmans.se\/en\/wp-json\/wp\/v2\/users\/2"}],"replies":[{"embeddable":true,"href":"https:\/\/rehnmans.se\/en\/wp-json\/wp\/v2\/comments?post=630"}],"version-history":[{"count":37,"href":"https:\/\/rehnmans.se\/en\/wp-json\/wp\/v2\/pages\/630\/revisions"}],"predecessor-version":[{"id":1062,"href":"https:\/\/rehnmans.se\/en\/wp-json\/wp\/v2\/pages\/630\/revisions\/1062"}],"wp:attachment":[{"href":"https:\/\/rehnmans.se\/en\/wp-json\/wp\/v2\/media?parent=630"}],"curies":[{"name":"wp","href":"https:\/\/api.w.org\/{rel}","templated":true}]}}